{"id":23169,"date":"2022-02-21T13:19:54","date_gmt":"2022-02-21T12:19:54","guid":{"rendered":"https:\/\/www.sophiahealth.de\/?page_id=23169"},"modified":"2022-02-22T11:40:27","modified_gmt":"2022-02-22T10:40:27","slug":"rechtliches-terminplanung","status":"publish","type":"page","link":"https:\/\/staging.sophiahealth.de\/index.php\/rechtliches-terminplanung\/","title":{"rendered":"Rechtliches Terminplanung"},"content":{"rendered":"<div class=\"wpb-content-wrapper\">[vc_row row_type=&#8221;parallax&#8221; text_align=&#8221;left&#8221; background_image=&#8221;23172&#8243; full_screen_section_height=&#8221;yes&#8221; vertically_align_content_in_middle=&#8221;no&#8221; parallax_speed=&#8221;2&#8243;][vc_column][vc_row_inner row_type=&#8221;row&#8221; type=&#8221;grid&#8221; use_row_as_full_screen_section_slide=&#8221;no&#8221; text_align=&#8221;left&#8221; css_animation=&#8221;&#8221;][vc_column_inner css=&#8221;.vc_custom_1642500175109{margin-top: 500px !important;}&#8221;]<div class=\"qode-parallax-holder\" data-parallax=\"{&quot;y&quot;: -200, &quot;smoothness&quot;: 20}\">[vc_column_text]\r\n<h1 style=\"text-align: center;\">Rechtliches<\/h1>\r\n[\/vc_column_text]<\/div>[\/vc_column_inner][\/vc_row_inner][\/vc_column][\/vc_row][vc_row row_type=&#8221;row&#8221; use_row_as_full_screen_section=&#8221;no&#8221; type=&#8221;grid&#8221; anchor=&#8221;bedingungen&#8221; text_align=&#8221;left&#8221; background_animation=&#8221;none&#8221; padding_top=&#8221;45&#8243; padding_bottom=&#8221;25&#8243; css_animation=&#8221;&#8221;][vc_column][vc_empty_space][vc_row_inner row_type=&#8221;row&#8221; type=&#8221;full_width&#8221; use_row_as_full_screen_section_slide=&#8221;no&#8221; text_align=&#8221;left&#8221; css_animation=&#8221;&#8221;][vc_column_inner][vc_column_text]\r\n<h2 style=\"text-align: center;\">Das Kleingedruckte f\u00fcr unsere Termine<\/h2>\r\n[\/vc_column_text][\/vc_column_inner][\/vc_row_inner][vc_empty_space][\/vc_column][\/vc_row][vc_row row_type=&#8221;row&#8221; use_row_as_full_screen_section=&#8221;no&#8221; type=&#8221;grid&#8221; text_align=&#8221;left&#8221; background_animation=&#8221;none&#8221; css_animation=&#8221;&#8221;][vc_column][vc_row_inner row_type=&#8221;row&#8221; type=&#8221;full_width&#8221; use_row_as_full_screen_section_slide=&#8221;no&#8221; text_align=&#8221;left&#8221; css_animation=&#8221;&#8221;][vc_column_inner width=&#8221;1\/2&#8243;][vc_column_text]\r\n<h5>Anzahlung<\/h5>\r\n[\/vc_column_text][vc_column_text]Ihre Terminbuchung bei uns gilt als von uns best\u00e4tigt, wenn Sie eine Anzahlung von 200\u20ac pro gebuchtem Tag innerhalb von 7 Tagen nach Buchungsanfrage get\u00e4tigt haben. Eine entsprechende Rechnung wird Ihnen zugeschickt. Die Anzahlung kann via \u00dcberweisung oder paypal get\u00e4tigt werden.[\/vc_column_text][vc_separator type=&#8221;transparent&#8221; border_style=&#8221;&#8221; up=&#8221;15&#8243;][vc_column_text]\r\n<h5>Bezahlung<\/h5>\r\n[\/vc_column_text][vc_column_text]Der Restbetrag f\u00fcr Ihre Behandlung kann bei uns vor Ort <strong>in bar<\/strong> beglichen werden.[\/vc_column_text][vc_separator type=&#8221;transparent&#8221; border_style=&#8221;&#8221; up=&#8221;15&#8243;][\/vc_column_inner][vc_column_inner width=&#8221;1\/2&#8243;][vc_column_text]\r\n<h5>Rechnungen<\/h5>\r\n[\/vc_column_text][vc_column_text]Unsere Rechnungen werden auf Grundlage des\u00a0Geb\u00fcH, Geb\u00fchrenverzeichnis f\u00fcr Heilpraktiker, erstellt. Dabei k\u00f6nnen wir weder erstattungsf\u00e4hige Maximalbetr\u00e4ge ber\u00fccksichtigen noch \u00fcbernehmen wir jegliche Verantwortung f\u00fcr die Erstattung unserer Rechnungen durch Krankenversicherungen.[\/vc_column_text][vc_separator type=&#8221;transparent&#8221; border_style=&#8221;&#8221; up=&#8221;15&#8243;][vc_column_text]\r\n<h5>Terminabsagen<\/h5>\r\n[\/vc_column_text][vc_column_text]Eine Stornierung Ihres Termins ist bis 28 Tage vor Termin ohne weitere Kosten f\u00fcr Sie m\u00f6glich. Ihre Anzahlung wird erstattet. Bei Absagen innerhalb von 28 Tagen vor Ihrem ersten Termin bei uns ist die Anzahlung als Kompensation f\u00fcr unseren Aufwand und Ersatz bei Nichtbelegung der reservierten Zeit\u00a0<strong>nicht<\/strong> erstattungsf\u00e4hig.[\/vc_column_text][\/vc_column_inner][\/vc_row_inner][\/vc_column][\/vc_row][vc_row row_type=&#8221;row&#8221; use_row_as_full_screen_section=&#8221;no&#8221; type=&#8221;full_width&#8221; text_align=&#8221;left&#8221; background_animation=&#8221;none&#8221; css_animation=&#8221;&#8221;][vc_column][vc_empty_space height=&#8221;64px&#8221;][\/vc_column][\/vc_row]<\/div>","protected":false},"excerpt":{"rendered":"<p>[vc_row row_type=&#8221;parallax&#8221; text_align=&#8221;left&#8221; background_image=&#8221;23172&#8243; full_screen_section_height=&#8221;yes&#8221; vertically_align_content_in_middle=&#8221;no&#8221; parallax_speed=&#8221;2&#8243;][vc_column][vc_row_inner row_type=&#8221;row&#8221; type=&#8221;grid&#8221; use_row_as_full_screen_section_slide=&#8221;no&#8221; text_align=&#8221;left&#8221; css_animation=&#8221;&#8221;][vc_column_inner css=&#8221;.vc_custom_1642500175109{margin-top: 500px !important;}&#8221;][\/vc_column_inner][\/vc_row_inner][\/vc_column][\/vc_row][vc_row row_type=&#8221;row&#8221; use_row_as_full_screen_section=&#8221;no&#8221; type=&#8221;grid&#8221; anchor=&#8221;bedingungen&#8221; text_align=&#8221;left&#8221; background_animation=&#8221;none&#8221; padding_top=&#8221;45&#8243; padding_bottom=&#8221;25&#8243; css_animation=&#8221;&#8221;][vc_column][vc_empty_space][vc_row_inner row_type=&#8221;row&#8221; type=&#8221;full_width&#8221; use_row_as_full_screen_section_slide=&#8221;no&#8221; text_align=&#8221;left&#8221; css_animation=&#8221;&#8221;][vc_column_inner][vc_column_text] Das Kleingedruckte f\u00fcr unsere Termine [\/vc_column_text][\/vc_column_inner][\/vc_row_inner][vc_empty_space][\/vc_column][\/vc_row][vc_row row_type=&#8221;row&#8221; use_row_as_full_screen_section=&#8221;no&#8221; type=&#8221;grid&#8221; text_align=&#8221;left&#8221; background_animation=&#8221;none&#8221; css_animation=&#8221;&#8221;][vc_column][vc_row_inner row_type=&#8221;row&#8221; type=&#8221;full_width&#8221; use_row_as_full_screen_section_slide=&#8221;no&#8221; text_align=&#8221;left&#8221;&#8230;<\/p>\n","protected":false},"author":2,"featured_media":0,"parent":0,"menu_order":0,"comment_status":"closed","ping_status":"closed","template":"full_width.php","meta":{"footnotes":""},"class_list":["post-23169","page","type-page","status-publish","hentry"],"_links":{"self":[{"href":"https:\/\/staging.sophiahealth.de\/index.php\/wp-json\/wp\/v2\/pages\/23169","targetHints":{"allow":["GET"]}}],"collection":[{"href":"https:\/\/staging.sophiahealth.de\/index.php\/wp-json\/wp\/v2\/pages"}],"about":[{"href":"https:\/\/staging.sophiahealth.de\/index.php\/wp-json\/wp\/v2\/types\/page"}],"author":[{"embeddable":true,"href":"https:\/\/staging.sophiahealth.de\/index.php\/wp-json\/wp\/v2\/users\/2"}],"replies":[{"embeddable":true,"href":"https:\/\/staging.sophiahealth.de\/index.php\/wp-json\/wp\/v2\/comments?post=23169"}],"version-history":[{"count":9,"href":"https:\/\/staging.sophiahealth.de\/index.php\/wp-json\/wp\/v2\/pages\/23169\/revisions"}],"predecessor-version":[{"id":25541,"href":"https:\/\/staging.sophiahealth.de\/index.php\/wp-json\/wp\/v2\/pages\/23169\/revisions\/25541"}],"wp:attachment":[{"href":"https:\/\/staging.sophiahealth.de\/index.php\/wp-json\/wp\/v2\/media?parent=23169"}],"curies":[{"name":"wp","href":"https:\/\/api.w.org\/{rel}","templated":true}]}}