{"id":23162,"date":"2022-02-21T13:19:53","date_gmt":"2022-02-21T12:19:53","guid":{"rendered":"https:\/\/www.sophiahealth.de\/?page_id=23162"},"modified":"2022-02-21T13:19:53","modified_gmt":"2022-02-21T12:19:53","slug":"anreise-und-unterkuft","status":"publish","type":"page","link":"https:\/\/staging.sophiahealth.de\/index.php\/anreise-und-unterkuft\/","title":{"rendered":"Anreise und Unterkuft"},"content":{"rendered":"<div class=\"wpb-content-wrapper\">[vc_row row_type=&#8221;parallax&#8221; text_align=&#8221;left&#8221; background_image=&#8221;23163&#8243; full_screen_section_height=&#8221;yes&#8221; vertically_align_content_in_middle=&#8221;no&#8221; parallax_speed=&#8221;2&#8243;][vc_column][vc_row_inner row_type=&#8221;row&#8221; type=&#8221;grid&#8221; use_row_as_full_screen_section_slide=&#8221;no&#8221; text_align=&#8221;left&#8221; css_animation=&#8221;&#8221;][vc_column_inner css=&#8221;.vc_custom_1642500175109{margin-top: 500px !important;}&#8221;]<div class=\"qode-parallax-holder\" data-parallax=\"{&quot;y&quot;: -200, &quot;smoothness&quot;: 20}\">[vc_column_text]\r\n<h1 style=\"text-align: center;\">Ihr Weg zu uns<\/h1>\r\n[\/vc_column_text]<\/div>[\/vc_column_inner][\/vc_row_inner][\/vc_column][\/vc_row][vc_row row_type=&#8221;row&#8221; use_row_as_full_screen_section=&#8221;no&#8221; type=&#8221;grid&#8221; text_align=&#8221;left&#8221; background_animation=&#8221;none&#8221; css_animation=&#8221;&#8221;][vc_column][vc_row_inner row_type=&#8221;row&#8221; type=&#8221;full_width&#8221; use_row_as_full_screen_section_slide=&#8221;no&#8221; text_align=&#8221;left&#8221; css_animation=&#8221;&#8221;][vc_column_inner][vc_empty_space][vc_column_text]\r\n<h2>Standort<\/h2>\r\n[\/vc_column_text][vc_column_text]\r\n<h6>Wie sie uns finden<\/h6>\r\n[\/vc_column_text][vc_empty_space][\/vc_column_inner][\/vc_row_inner][\/vc_column][\/vc_row][vc_row row_type=&#8221;row&#8221; use_row_as_full_screen_section=&#8221;no&#8221; type=&#8221;grid&#8221; text_align=&#8221;left&#8221; background_animation=&#8221;none&#8221; css_animation=&#8221;&#8221;][vc_column][vc_row_inner row_type=&#8221;row&#8221; type=&#8221;full_width&#8221; use_row_as_full_screen_section_slide=&#8221;no&#8221; text_align=&#8221;left&#8221; css_animation=&#8221;&#8221;][vc_column_inner width=&#8221;1\/2&#8243;][vc_column_text]\r\n<h5>SophiaHealth Institut<\/h5>\r\n[\/vc_column_text][vc_separator type=&#8221;transparent&#8221; border_style=&#8221;&#8221; up=&#8221;10&#8243;][vc_single_image image=&#8221;23016&#8243; img_size=&#8221;large&#8221; qode_css_animation=&#8221;&#8221;][\/vc_column_inner][vc_column_inner width=&#8221;1\/2&#8243;][vc_column_text]\r\n<h5>Schlingener Stra\u00dfe 1, Kaufbeuren<\/h5>\r\n[\/vc_column_text][vc_separator type=&#8221;transparent&#8221; border_style=&#8221;&#8221; up=&#8221;10&#8243;][vc_gmaps link=&#8221;#E-8_JTNDaWZyYW1lJTIwc3JjJTNEJTIyaHR0cHMlM0ElMkYlMkZ3d3cuZ29vZ2xlLmNvbSUyRm1hcHMlMkZlbWJlZCUzRnBiJTNEJTIxMW0xOCUyMTFtMTIlMjExbTMlMjExZDI2NzUuNDYzMDE0MzMwNDE4NCUyMTJkMTAuNjEzNjE5MjE1NzQ1NDA3JTIxM2Q0Ny44ODg3MjI5NzY0MzkxMyUyMTJtMyUyMTFmMCUyMTJmMCUyMTNmMCUyMTNtMiUyMTFpMTAyNCUyMTJpNzY4JTIxNGYxMy4xJTIxM20zJTIxMW0yJTIxMXMweDQ3OWM2Y2EwNDZjNDMyOWQlMjUzQTB4MmNkYTk4ZGM3MWUxYTE4OCUyMTJzU2NobGluZ2VuZXIlMkJTdHIuJTJCMSUyNTJDJTJCODc2MDAlMkJLYXVmYmV1cmVuJTIxNWUwJTIxM20yJTIxMXNkZSUyMTJzZGUlMjE0djE1NDA5OTA4NDg2MDclMjIlMjB3aWR0aCUzRCUyMjYwMCUyMiUyMGhlaWdodCUzRCUyMjQ1MCUyMiUyMGZyYW1lYm9yZGVyJTNEJTIyMCUyMiUyMHN0eWxlJTNEJTIyYm9yZGVyJTNBMCUyMiUyMGFsbG93ZnVsbHNjcmVlbiUzRSUzQyUyRmlmcmFtZSUzRQ==&#8221; size=&#8221;&#8221;][\/vc_column_inner][\/vc_row_inner][\/vc_column][\/vc_row][vc_row row_type=&#8221;row&#8221; use_row_as_full_screen_section=&#8221;no&#8221; type=&#8221;grid&#8221; anchor=&#8221;anreise&#8221; text_align=&#8221;left&#8221; background_animation=&#8221;none&#8221; padding_top=&#8221;25&#8243; padding_bottom=&#8221;45&#8243; css_animation=&#8221;&#8221;][vc_column][vc_row_inner row_type=&#8221;row&#8221; type=&#8221;full_width&#8221; use_row_as_full_screen_section_slide=&#8221;no&#8221; text_align=&#8221;left&#8221; css_animation=&#8221;&#8221;][vc_column_inner][vc_empty_space][vc_column_text]\r\n<h2>Reise und Unterkunft<\/h2>\r\n[\/vc_column_text][vc_column_text]\r\n<h6>IHRE REISE<\/h6>\r\n[\/vc_column_text][vc_empty_space][\/vc_column_inner][\/vc_row_inner][vc_row_inner row_type=&#8221;row&#8221; type=&#8221;full_width&#8221; use_row_as_full_screen_section_slide=&#8221;no&#8221; text_align=&#8221;left&#8221; css_animation=&#8221;&#8221;][vc_column_inner width=&#8221;2\/3&#8243;][vc_column_text]\r\n<h5>per Flugzeug<\/h5>\r\n[\/vc_column_text][vc_column_text]M\u00fcnchen ist der am h\u00e4ufigsten angeflogene Flughafen in unserer N\u00e4he. Flughafen Memmingen ist zwar n\u00e4her, wird aber selten angeflogen.[\/vc_column_text][\/vc_column_inner][vc_column_inner width=&#8221;1\/3&#8243;][vc_separator type=&#8221;transparent&#8221; border_style=&#8221;&#8221; up=&#8221;15&#8243;]<span class=\"q_font_awsome_icon q_icon_shortcode normal q_font_awsome_icon_holder fa-4x pull-left \" style=\"color: #d1bc11; \"><i class=\"fa fa-plane\"><\/i><\/span>[\/vc_column_inner][\/vc_row_inner][vc_separator type=&#8221;transparent&#8221; border_style=&#8221;&#8221;][vc_row_inner row_type=&#8221;row&#8221; type=&#8221;full_width&#8221; use_row_as_full_screen_section_slide=&#8221;no&#8221; text_align=&#8221;left&#8221; css_animation=&#8221;&#8221;][vc_column_inner width=&#8221;2\/3&#8243;][vc_column_text]\r\n<h5>per Zug<\/h5>\r\n[\/vc_column_text][vc_column_text]<strong>von M\u00fcnchen:<\/strong> Bahnhof Kaufbeuren ist ca. 1,5 Stunden vom M\u00fcnchner Flughafen entfernt. Bitte w\u00e4hlen Sie am Flughafen die S-Bahn S8 oder S1 zum M\u00fcnchner Hauptbahnhof und dann weiter die Regionalbahn Richtung F\u00fcssen.\r\n\r\n&nbsp;\r\n\r\n<strong>von Memmingen:<\/strong> bitte w\u00e4hlen Sie den Zug Richtung M\u00fcnchen. Steigen Sie in Buchloe um in den Zug Richtung F\u00fcssen, der dann in Kaufbeuren h\u00e4lt.[\/vc_column_text][\/vc_column_inner][vc_column_inner width=&#8221;1\/3&#8243;][vc_separator type=&#8221;transparent&#8221; border_style=&#8221;&#8221; up=&#8221;15&#8243;]<span class=\"q_font_awsome_icon q_icon_shortcode normal q_font_awsome_icon_holder fa-4x pull-left \" style=\"color: #d1bc11; \"><i class=\"fa fa-train\"><\/i><\/span>[\/vc_column_inner][\/vc_row_inner][vc_separator type=&#8221;transparent&#8221; border_style=&#8221;&#8221;][vc_row_inner row_type=&#8221;row&#8221; type=&#8221;full_width&#8221; use_row_as_full_screen_section_slide=&#8221;no&#8221; text_align=&#8221;left&#8221; css_animation=&#8221;&#8221;][vc_column_inner width=&#8221;2\/3&#8243;][vc_column_text]\r\n<h5>Mietwagen \/ Taxi<\/h5>\r\n[\/vc_column_text][vc_column_text]Alle bekannten Mietwagenfirmen sind an beiden Flugh\u00e4fen verf\u00fcgbar (Sixt, Avis, Eurocar, Budget etc).[\/vc_column_text][\/vc_column_inner][vc_column_inner width=&#8221;1\/3&#8243;][vc_separator type=&#8221;transparent&#8221; border_style=&#8221;&#8221; up=&#8221;15&#8243;]<span class=\"q_font_awsome_icon q_icon_shortcode normal q_font_awsome_icon_holder fa-4x pull-left \" style=\"color: #d1bc11; \"><i class=\"fa fa-car\"><\/i><\/span>[\/vc_column_inner][\/vc_row_inner][vc_separator type=&#8221;transparent&#8221; border_style=&#8221;&#8221;][vc_row_inner row_type=&#8221;row&#8221; type=&#8221;full_width&#8221; use_row_as_full_screen_section_slide=&#8221;no&#8221; text_align=&#8221;left&#8221; css_animation=&#8221;&#8221;][vc_column_inner width=&#8221;2\/3&#8243;][vc_column_text]\r\n<h5>Parken vor Ort<\/h5>\r\n[\/vc_column_text][vc_column_text]In den neuen R\u00e4umen in der Schlingener Str. 1 finden Sie kostenlose Parkpl\u00e4tze direkt vor dem Haus.\r\n\r\nDer Zugang zur Praxis ist ebenerdig und behindertengerecht.[\/vc_column_text][\/vc_column_inner][vc_column_inner width=&#8221;1\/3&#8243;][vc_separator type=&#8221;transparent&#8221; border_style=&#8221;&#8221; up=&#8221;15&#8243;]<span class=\"q_font_awsome_icon q_icon_shortcode normal q_font_awsome_icon_holder fa-4x pull-left \" style=\"color: #d1bc11; \"><i class=\"fa fa-road\"><\/i><\/span>[\/vc_column_inner][\/vc_row_inner][vc_separator type=&#8221;transparent&#8221; border_style=&#8221;&#8221;][vc_row_inner row_type=&#8221;row&#8221; type=&#8221;full_width&#8221; use_row_as_full_screen_section_slide=&#8221;no&#8221; text_align=&#8221;left&#8221; css_animation=&#8221;&#8221;][vc_column_inner width=&#8221;2\/3&#8243;][vc_column_text]\r\n<h5>Unterk\u00fcnfte<\/h5>\r\n[\/vc_column_text][vc_column_text]Die zentrale Bushaltestelle befindet sich ca. 900 Meter von unserer Praxis entfernt.\r\n\r\n&nbsp;\r\n\r\nEs gibt eine Reihe von Hotels in Laufentfernung zur Praxis. Bei der Buchung oder beim Einchecken informieren Sie bitte das Hotel dar\u00fcber, dass Sie als unser Patient in Kaufbeuren sind. Bitte geben Sie Ihre Unterkunft auch bei uns in der Praxis an, damit wir Sie gegebenenfalls erreichen k\u00f6nnen.[\/vc_column_text][\/vc_column_inner][vc_column_inner width=&#8221;1\/3&#8243;][vc_separator type=&#8221;transparent&#8221; border_style=&#8221;&#8221; up=&#8221;15&#8243;]<span class=\"q_font_awsome_icon q_icon_shortcode normal q_font_awsome_icon_holder fa-4x pull-left \" style=\"color: #d1bc11; \"><i class=\"fa fa-hotel\"><\/i><\/span>[\/vc_column_inner][\/vc_row_inner][vc_separator type=&#8221;transparent&#8221; border_style=&#8221;&#8221; up=&#8221;25&#8243;][vc_accordion active_tab=&#8221;false&#8221; collapsible=&#8221;yes&#8221; style=&#8221;accordion&#8221;][vc_accordion_tab title=&#8221;Hotel am Turm (900 Meter entfernt)&#8221; title_tag=&#8221;h5&#8243;][vc_column_text]Josef-Landes-Strasse 1, 87600 Kaufbeuren\r\n\r\n<a href=\"https:\/\/www.hotel-am-turm.de\/\" target=\"_blank\" rel=\"noopener noreferrer\">https:\/\/www.hotel-am-turm.de\/<\/a>[\/vc_column_text][\/vc_accordion_tab][vc_accordion_tab title=&#8221;Hotel Goldener Hirsch (1100 Meter entfernt)&#8221; title_tag=&#8221;h5&#8243;][vc_column_text]Kaiser-Max-Strasse 39-41, 87600 Kaufbeuren\r\n\r\n<a href=\"https:\/\/www.goldener-hirsch-kaufbeuren.de\/\" target=\"_blank\" rel=\"noopener noreferrer\">https:\/\/www.goldener-hirsch-kaufbeuren.de\/<\/a>[\/vc_column_text][\/vc_accordion_tab][vc_accordion_tab title=&#8221;Hotel Hasen (1800 Meter entfernt)&#8221; title_tag=&#8221;h5&#8243;][vc_column_text]Ganghoferstrasse 7, 87600 Kaufbeuren\r\n\r\n<a href=\"https:\/\/www.hotel-hasen.com\/\" target=\"_blank\" rel=\"noopener noreferrer\">https:\/\/www.hotel-hasen.com\/<\/a>[\/vc_column_text][\/vc_accordion_tab][vc_accordion_tab title=&#8221;Hotel Felix Kaufbeuren (1700 Meter entfernt)&#8221; title_tag=&#8221;h5&#8243;][vc_column_text]Ganghoferstrasse 8, 87600 Kaufbeuren\r\n\r\n<a href=\"https:\/\/www.felix-hotels.de\/de\/dein-hotel\/kaufbeuren\">https:\/\/www.felix-hotels.de\/de\/dein-hotel\/kaufbeuren<\/a>[\/vc_column_text][\/vc_accordion_tab][vc_accordion_tab title=&#8221;Old Town Apartments (1000 Meter entfernt)&#8221; title_tag=&#8221;h5&#8243;][vc_column_text]Am Breiten Bach 11, 87600 Kaufbeuren\r\n\r\n<a href=\"http:\/\/www.oldtown-apartments.de\/en\/\" target=\"_blank\" rel=\"noopener noreferrer\">http:\/\/www.oldtown-apartments.de\/en\/<\/a>[\/vc_column_text][\/vc_accordion_tab][\/vc_accordion][\/vc_column][\/vc_row]<\/div>","protected":false},"excerpt":{"rendered":"<p>[vc_row row_type=&#8221;parallax&#8221; text_align=&#8221;left&#8221; background_image=&#8221;23163&#8243; full_screen_section_height=&#8221;yes&#8221; vertically_align_content_in_middle=&#8221;no&#8221; parallax_speed=&#8221;2&#8243;][vc_column][vc_row_inner row_type=&#8221;row&#8221; type=&#8221;grid&#8221; use_row_as_full_screen_section_slide=&#8221;no&#8221; text_align=&#8221;left&#8221; css_animation=&#8221;&#8221;][vc_column_inner css=&#8221;.vc_custom_1642500175109{margin-top: 500px !important;}&#8221;][\/vc_column_inner][\/vc_row_inner][\/vc_column][\/vc_row][vc_row row_type=&#8221;row&#8221; use_row_as_full_screen_section=&#8221;no&#8221; type=&#8221;grid&#8221; text_align=&#8221;left&#8221; background_animation=&#8221;none&#8221; css_animation=&#8221;&#8221;][vc_column][vc_row_inner row_type=&#8221;row&#8221; type=&#8221;full_width&#8221; use_row_as_full_screen_section_slide=&#8221;no&#8221; text_align=&#8221;left&#8221; css_animation=&#8221;&#8221;][vc_column_inner][vc_empty_space][vc_column_text] Standort [\/vc_column_text][vc_column_text] Wie sie uns finden [\/vc_column_text][vc_empty_space][\/vc_column_inner][\/vc_row_inner][\/vc_column][\/vc_row][vc_row row_type=&#8221;row&#8221; use_row_as_full_screen_section=&#8221;no&#8221; type=&#8221;grid&#8221; text_align=&#8221;left&#8221; background_animation=&#8221;none&#8221; css_animation=&#8221;&#8221;][vc_column][vc_row_inner row_type=&#8221;row&#8221; type=&#8221;full_width&#8221; use_row_as_full_screen_section_slide=&#8221;no&#8221; text_align=&#8221;left&#8221; css_animation=&#8221;&#8221;][vc_column_inner width=&#8221;1\/2&#8243;][vc_column_text]&#8230;<\/p>\n","protected":false},"author":2,"featured_media":0,"parent":0,"menu_order":0,"comment_status":"closed","ping_status":"closed","template":"full_width.php","meta":{"footnotes":""},"class_list":["post-23162","page","type-page","status-publish","hentry"],"_links":{"self":[{"href":"https:\/\/staging.sophiahealth.de\/index.php\/wp-json\/wp\/v2\/pages\/23162","targetHints":{"allow":["GET"]}}],"collection":[{"href":"https:\/\/staging.sophiahealth.de\/index.php\/wp-json\/wp\/v2\/pages"}],"about":[{"href":"https:\/\/staging.sophiahealth.de\/index.php\/wp-json\/wp\/v2\/types\/page"}],"author":[{"embeddable":true,"href":"https:\/\/staging.sophiahealth.de\/index.php\/wp-json\/wp\/v2\/users\/2"}],"replies":[{"embeddable":true,"href":"https:\/\/staging.sophiahealth.de\/index.php\/wp-json\/wp\/v2\/comments?post=23162"}],"version-history":[{"count":9,"href":"https:\/\/staging.sophiahealth.de\/index.php\/wp-json\/wp\/v2\/pages\/23162\/revisions"}],"predecessor-version":[{"id":23185,"href":"https:\/\/staging.sophiahealth.de\/index.php\/wp-json\/wp\/v2\/pages\/23162\/revisions\/23185"}],"wp:attachment":[{"href":"https:\/\/staging.sophiahealth.de\/index.php\/wp-json\/wp\/v2\/media?parent=23162"}],"curies":[{"name":"wp","href":"https:\/\/api.w.org\/{rel}","templated":true}]}}